{"id":339,"date":"2025-04-29T18:21:30","date_gmt":"2025-04-29T18:21:30","guid":{"rendered":"https:\/\/javedusa.com\/?page_id=339"},"modified":"2025-06-06T22:45:05","modified_gmt":"2025-06-06T22:45:05","slug":"about-us","status":"publish","type":"page","link":"https:\/\/javedusa.com\/es\/about-us\/","title":{"rendered":"Sobre nosotros"},"content":{"rendered":"<p>[et_pb_section fb_built=&#8221;1&#8243; custom_padding_last_edited=&#8221;on|phone&#8221; admin_label=&#8221;Section&#8221; module_class=&#8221;banner&#8221; _builder_version=&#8221;4.27.4&#8243; _module_preset=&#8221;default&#8221; use_background_color_gradient=&#8221;on&#8221; background_color_gradient_direction=&#8221;120deg&#8221; background_color_gradient_stops=&#8221;#233448 0%|rgba(255,255,255,0) 100%&#8221; background_color_gradient_overlays_image=&#8221;on&#8221; background_enable_image=&#8221;off&#8221; background_size=&#8221;initial&#8221; background_position=&#8221;bottom_left&#8221; background_vertical_offset=&#8221;0%&#8221; background_video_mp4=&#8221;https:\/\/javedusa.com\/wp-content\/uploads\/Videos\/New_york_JavedUSA_2.mp4&#8243; background_enable_video_webm=&#8221;off&#8221; background_video_pause_outside_viewport=&#8221;off&#8221; min_height=&#8221;100vh&#8221; min_height_tablet=&#8221;&#8221; min_height_phone=&#8221;&#8221; min_height_last_edited=&#8221;on|tablet&#8221; custom_padding=&#8221;75px||77px||false|false&#8221; custom_padding_tablet=&#8221;110px||80px||false|false&#8221; custom_padding_phone=&#8221;80px||80px||false|false&#8221; background_last_edited=&#8221;on|tablet&#8221; use_background_color_gradient_tablet=&#8221;on&#8221; background_color_gradient_stops_tablet=&#8221;#000000 30%|rgba(0,0,0,0.2) 99%&#8221; background_size_tablet=&#8221;cover&#8221; background_position_tablet=&#8221;center&#8221; custom_css_main_element=&#8221;display: flex;||flex-direction: column;||align-items: center;||justify-content: center;&#8221; custom_css_free_form=&#8221;.banner.et_pb_section_video::before {||  content: %22%22;||  position: absolute;||  top: 0;||  left: 0;||  width: 100%;||  height: 100%;||  background: linear-gradient(120deg, #233448, rgba(255,255,255,0));||  z-index: 1;||  pointer-events: none;||}||||.banner video {||  position: relative;||  z-index: 0;||}||&#8221; locked=&#8221;off&#8221; global_colors_info=&#8221;{}&#8221;][et_pb_row column_structure=&#8221;2_3,1_3&#8243; _builder_version=&#8221;4.27.4&#8243; _module_preset=&#8221;default&#8221; width=&#8221;85%&#8221; max_width=&#8221;85%&#8221; global_colors_info=&#8221;{}&#8221;][et_pb_column type=&#8221;2_3&#8243; _builder_version=&#8221;4.27.0&#8243; _module_preset=&#8221;default&#8221; global_colors_info=&#8221;{}&#8221;][et_pb_heading title=&#8221;About us&#8221; disabled_on=&#8221;off|off|off&#8221; admin_label=&#8221;Nourish Your Body, Mind, and Spirit&#8221; _builder_version=&#8221;4.27.4&#8243; _module_preset=&#8221;default&#8221; title_font=&#8221;Jost|700||on|||||&#8221; title_text_color=&#8221;#ffffff&#8221; title_font_size=&#8221;55px&#8221; title_letter_spacing=&#8221;2px&#8221; title_line_height=&#8221;1.3em&#8221; custom_margin=&#8221;||16px||false|false&#8221; title_font_size_tablet=&#8221;38px&#8221; title_font_size_phone=&#8221;32px&#8221; title_font_size_last_edited=&#8221;off|desktop&#8221; title_letter_spacing_tablet=&#8221;2px&#8221; title_letter_spacing_phone=&#8221;0px&#8221; title_letter_spacing_last_edited=&#8221;on|phone&#8221; custom_css_main_element=&#8221;padding-bottom: 0px;&#8221; global_colors_info=&#8221;{}&#8221;][\/et_pb_heading][\/et_pb_column][et_pb_column type=&#8221;1_3&#8243; disabled_on=&#8221;on|on|on&#8221; _builder_version=&#8221;4.27.0&#8243; _module_preset=&#8221;default&#8221; disabled=&#8221;on&#8221; global_colors_info=&#8221;{}&#8221;][\/et_pb_column][\/et_pb_row][\/et_pb_section][et_pb_section fb_built=&#8221;1&#8243; specialty=&#8221;on&#8221; admin_label=&#8221;Stats&#8221; _builder_version=&#8221;4.27.4&#8243; _module_preset=&#8221;default&#8221; inner_width=&#8221;90%&#8221; inner_max_width=&#8221;1500px&#8221; custom_padding=&#8221;||16px|||&#8221; locked=&#8221;off&#8221; global_colors_info=&#8221;{}&#8221;][et_pb_column type=&#8221;1_3&#8243; _builder_version=&#8221;4.16&#8243; _module_preset=&#8221;default&#8221; custom_padding=&#8221;|||&#8221; global_colors_info=&#8221;{}&#8221; custom_padding__hover=&#8221;|||&#8221;][et_pb_heading title=&#8221;We Drive Hispanic Brands to Success in the U.S.&#8221; _builder_version=&#8221;4.27.4&#8243; _module_preset=&#8221;cc130f97-fa4e-480d-b0d3-e02ed6dc4339&#8243; title_font=&#8221;Jost|600|||||||&#8221; title_font_size=&#8221;48px&#8221; title_font_size_last_edited=&#8221;off|desktop&#8221; locked=&#8221;off&#8221; global_colors_info=&#8221;{}&#8221;][\/et_pb_heading][\/et_pb_column][et_pb_column type=&#8221;2_3&#8243; specialty_columns=&#8221;2&#8243; _builder_version=&#8221;4.16&#8243; _module_preset=&#8221;default&#8221; custom_padding=&#8221;|||&#8221; global_colors_info=&#8221;{}&#8221; custom_padding__hover=&#8221;|||&#8221;][et_pb_row_inner custom_padding_last_edited=&#8221;on|phone&#8221; _builder_version=&#8221;4.27.4&#8243; _module_preset=&#8221;default&#8221; custom_padding_tablet=&#8221;0px||0px||true|false&#8221; custom_padding_phone=&#8221;0px||0px||true|false&#8221; global_colors_info=&#8221;{}&#8221;][et_pb_column_inner saved_specialty_column_type=&#8221;2_3&#8243; _builder_version=&#8221;4.25.2&#8243; _module_preset=&#8221;default&#8221; global_colors_info=&#8221;{}&#8221;][et_pb_text _builder_version=&#8221;4.27.4&#8243; _module_preset=&#8221;414465fd-d4ed-4496-92c1-daaefaea729a&#8221; text_font=&#8221;Roboto|300|||||||&#8221; text_text_color=&#8221;#000000&#8243; text_font_size=&#8221;18px&#8221; hover_enabled=&#8221;0&#8243; global_colors_info=&#8221;{}&#8221; sticky_enabled=&#8221;0&#8243;]<\/p>\n<p>Javed USA Strategy es una compa\u00f1\u00eda especializada en conectar marcas de alimentos y bebidas hispanas con el mercado estadounidense. Nuestro enfoque \u00fanico combina un profundo conocimiento del territorio con estrategias comerciales precisas, permitiendo que las marcas alcancen su m\u00e1ximo potencial en el mercado norteamericano.<\/p>\n<p>Nuestra misi\u00f3n es ser el puente estrat\u00e9gico que facilita la expansi\u00f3n de las marcas que conf\u00edan en nosotros en Estados Unidos, ofreciendo soluciones integrales que van desde la estrategia comercial hasta la ejecuci\u00f3n en el punto de venta, siempre con un enfoque dirigido y medible.<\/p>\n<p>[\/et_pb_text][\/et_pb_column_inner][\/et_pb_row_inner][\/et_pb_column][\/et_pb_section][et_pb_section fb_built=&#8221;1&#8243; _builder_version=&#8221;4.27.4&#8243; _module_preset=&#8221;default&#8221; background_enable_color=&#8221;off&#8221; custom_padding=&#8221;16px||||false|false&#8221; global_colors_info=&#8221;{}&#8221;][et_pb_row column_structure=&#8221;1_4,1_4,1_4,1_4&#8243; use_custom_gutter=&#8221;on&#8221; gutter_width=&#8221;2&#8243; _builder_version=&#8221;4.27.4&#8243; _module_preset=&#8221;default&#8221; width=&#8221;100%&#8221; max_width=&#8221;90%&#8221; custom_padding=&#8221;||||false|false&#8221; global_colors_info=&#8221;{}&#8221;][et_pb_column type=&#8221;1_4&#8243; _builder_version=&#8221;4.27.4&#8243; _module_preset=&#8221;default&#8221; global_colors_info=&#8221;{}&#8221;][dipl_interactive_image_card title=&#8221;Specialized Knowledge&#8221; image=&#8221;https:\/\/javedusa.com\/wp-content\/uploads\/2025\/04\/Specialized-Knowledge-2.png&#8221; overlay_color=&#8221;rgba(0,0,0,0.64)&#8221; admin_label=&#8221;Setup Your Store&#8221; _builder_version=&#8221;4.27.4&#8243; _module_preset=&#8221;default&#8221; title_level=&#8221;h3&#8243; title_font=&#8221;Jost|500|||||||&#8221; title_text_color=&#8221;#ffffff&#8221; title_font_size=&#8221;30px&#8221; content_font=&#8221;Roboto|300|||||||&#8221; content_text_color=&#8221;#FFFFFF&#8221; content_font_size=&#8221;18px&#8221; border_radii=&#8221;on|8px|8px|8px|8px&#8221; border_color_all=&#8221;#FFFFFF&#8221; global_colors_info=&#8221;{}&#8221;]<\/p>\n<p>Contamos con un amplio conocimiento del territorio, los productos y los h\u00e1bitos de consumo de los grupos \u00e9tnicos predominantes en cada regi\u00f3n, lo que nos permite conectar r\u00e1pida y eficientemente tus productos con la poblaci\u00f3n clave en cada zona.<\/p>\n<p>[\/dipl_interactive_image_card][\/et_pb_column][et_pb_column type=&#8221;1_4&#8243; _builder_version=&#8221;4.27.4&#8243; _module_preset=&#8221;default&#8221; global_colors_info=&#8221;{}&#8221;][dipl_interactive_image_card title=&#8221;Strategy and Execution&#8221; image=&#8221;https:\/\/javedusa.com\/wp-content\/uploads\/2025\/05\/Javed-USA-1.png&#8221; overlay_color=&#8221;rgba(0,0,0,0.64)&#8221; admin_label=&#8221;Integrate Payments&#8221; _builder_version=&#8221;4.27.4&#8243; _module_preset=&#8221;default&#8221; title_level=&#8221;h3&#8243; title_font=&#8221;Jost|500|||||||&#8221; title_text_color=&#8221;#ffffff&#8221; title_font_size=&#8221;30px&#8221; content_font=&#8221;Roboto|300|||||||&#8221; content_text_color=&#8221;#FFFFFF&#8221; content_font_size=&#8221;18px&#8221; border_radii=&#8221;on|8px|8px|8px|8px&#8221; border_color_all=&#8221;#FFFFFF&#8221; global_colors_info=&#8221;{}&#8221;]<\/p>\n<p>Creamos y activamos planes de desarrollo en tienda basados en los est\u00e1ndares regionales, que incluyen actividades para impulsar el volumen, exhibiciones adicionales y estrategias que mejoran la distribuci\u00f3n.<\/p>\n<p>&nbsp;<\/p>\n<p>[\/dipl_interactive_image_card][\/et_pb_column][et_pb_column type=&#8221;1_4&#8243; _builder_version=&#8221;4.27.4&#8243; _module_preset=&#8221;default&#8221; global_colors_info=&#8221;{}&#8221;][dipl_interactive_image_card title=&#8221;Commercial Responsibility&#8221; image=&#8221;https:\/\/javedusa.com\/wp-content\/uploads\/2025\/04\/Commercial-Responsibility.png&#8221; overlay_color=&#8221;rgba(0,0,0,0.64)&#8221; admin_label=&#8221;Launch &#038; Promote&#8221; _builder_version=&#8221;4.27.4&#8243; _module_preset=&#8221;default&#8221; title_level=&#8221;h3&#8243; title_font=&#8221;Jost|500|||||||&#8221; title_text_color=&#8221;#ffffff&#8221; title_font_size=&#8221;30px&#8221; content_font=&#8221;Roboto|300|||||||&#8221; content_text_color=&#8221;#FFFFFF&#8221; content_font_size=&#8221;18px&#8221; border_radii=&#8221;on|8px|8px|8px|8px&#8221; border_color_all=&#8221;#FFFFFF&#8221; global_colors_info=&#8221;{}&#8221;]<\/p>\n<p>Mantenemos un fuerte compromiso con las responsabilidades comerciales y de marketing, gestionando el presupuesto de cada zona y cliente para asegurar que cada inversi\u00f3n genere resultados medibles y optimizables.<\/p>\n<p>[\/dipl_interactive_image_card][\/et_pb_column][et_pb_column type=&#8221;1_4&#8243; _builder_version=&#8221;4.27.4&#8243; _module_preset=&#8221;default&#8221; global_colors_info=&#8221;{}&#8221;][dipl_interactive_image_card title=&#8221;Precision and Focus&#8221; image=&#8221;https:\/\/javedusa.com\/wp-content\/uploads\/2025\/05\/Javed-USA-_4.png&#8221; overlay_color=&#8221;rgba(0,0,0,0.64)&#8221; admin_label=&#8221;Monitor &#038; Scale&#8221; _builder_version=&#8221;4.27.4&#8243; _module_preset=&#8221;default&#8221; title_level=&#8221;h3&#8243; title_font=&#8221;Jost|500|||||||&#8221; title_text_color=&#8221;#ffffff&#8221; title_font_size=&#8221;30px&#8221; content_font=&#8221;Roboto|300|||||||&#8221; content_text_color=&#8221;#FFFFFF&#8221; content_font_size=&#8221;18px&#8221; border_radii=&#8221;on|8px|8px|8px|8px&#8221; border_color_all=&#8221;#FFFFFF&#8221; global_colors_info=&#8221;{}&#8221;]<\/p>\n<p>Nuestro principio fundamental, \"Apuntamiento de francotirador\", nos distingue, permiti\u00e9ndonos identificar y aprovechar las oportunidades para cada marca y producto en los mercados adecuados.<\/p>\n<p>&nbsp;<\/p>\n<p>[\/dipl_interactive_image_card][\/et_pb_column][\/et_pb_row][\/et_pb_section][et_pb_section fb_built=&#8221;1&#8243; admin_label=&#8221;Team&#8221; _builder_version=&#8221;4.27.4&#8243; _module_preset=&#8221;default&#8221; background_color=&#8221;#545F6B&#8221; locked=&#8221;off&#8221; global_colors_info=&#8221;{}&#8221;][et_pb_row _builder_version=&#8221;4.27.4&#8243; _module_preset=&#8221;823dc98b-63b2-40ca-a3f3-42c1cd692c2f&#8221; global_colors_info=&#8221;{}&#8221;][et_pb_column type=&#8221;4_4&#8243; _builder_version=&#8221;4.25.2&#8243; _module_preset=&#8221;default&#8221; global_colors_info=&#8221;{}&#8221;][et_pb_heading title=&#8221;Our Team&#8221; _builder_version=&#8221;4.27.4&#8243; _module_preset=&#8221;e6b7c2c7-37a9-4ced-bb5c-9ef78bf462ca&#8221; title_font=&#8221;Jost||||||||&#8221; title_text_color=&#8221;#FFFFFF&#8221; title_font_size=&#8221;58px&#8221; global_colors_info=&#8221;{}&#8221;][\/et_pb_heading][\/et_pb_column][\/et_pb_row][et_pb_row custom_padding_last_edited=&#8221;on|phone&#8221; _builder_version=&#8221;4.27.4&#8243; _module_preset=&#8221;default&#8221; custom_padding=&#8221;13px|||||&#8221; custom_padding_tablet=&#8221;0px||0px||true|false&#8221; custom_padding_phone=&#8221;0px||0px||true|false&#8221; global_colors_info=&#8221;{}&#8221;][et_pb_column type=&#8221;4_4&#8243; _builder_version=&#8221;4.25.2&#8243; _module_preset=&#8221;default&#8221; global_colors_info=&#8221;{}&#8221;][et_pb_text _builder_version=&#8221;4.27.4&#8243; _module_preset=&#8221;414465fd-d4ed-4496-92c1-daaefaea729a&#8221; text_font=&#8221;Roboto|300|||||||&#8221; text_text_color=&#8221;#FFFFFF&#8221; text_font_size=&#8221;18px&#8221; hover_enabled=&#8221;0&#8243; global_colors_info=&#8221;{}&#8221; sticky_enabled=&#8221;0&#8243;]<\/p>\n<p>El equipo de JavedUsa Strategy es un grupo de especialistas con experiencia de m\u00e1s de una d\u00e9cada en la industria, apasionados por las negociaciones, distribuci\u00f3n y marketing de grandes marcas. Nuestros expertos han trabajado con compa\u00f1\u00edas reconocidas y  l\u00edderes del mercado tanto hispano como americano, aportando conocimiento invaluable para el \u00e9xito de nuestros clientes.<\/p>\n<p>[\/et_pb_text][\/et_pb_column][\/et_pb_row][et_pb_row column_structure=&#8221;1_4,1_4,1_4,1_4&#8243; use_custom_gutter=&#8221;on&#8221; gutter_width=&#8221;2&#8243; disabled_on=&#8221;on|on|on&#8221; _builder_version=&#8221;4.27.4&#8243; _module_preset=&#8221;823dc98b-63b2-40ca-a3f3-42c1cd692c2f&#8221; disabled=&#8221;on&#8221; global_colors_info=&#8221;{}&#8221;][et_pb_column type=&#8221;1_4&#8243; _builder_version=&#8221;4.25.2&#8243; _module_preset=&#8221;default&#8221; global_colors_info=&#8221;{}&#8221;][et_pb_team_member name=&#8221;Eleanor Pera&#8221; position=&#8221;Real Estate Agent&#8221; image_url=&#8221;https:\/\/javedusa.com\/wp-content\/uploads\/2025\/04\/portrait-07.jpg&#8221; _builder_version=&#8221;4.25.2&#8243; _module_preset=&#8221;e6a9ba2a-eebb-454e-8da1-35130618c08c&#8221; link_option_url=&#8221;#&#8221; global_colors_info=&#8221;{%22gcid-b70c6ec4-3d09-43b5-80df-154e6e990bf3%22:%91%22image_icon_background_color%22,%22image_icon_background_color%22,%22image_icon_background_color%22,%22image_icon_background_color%22%93,%22gcid-2ebbc52c-9ee6-4712-a077-fcaec9b98540%22:%91%22body_link_text_color%22,%22body_quote_border_color%22,%22body_quote_text_color%22,%22link_text_color%22,%22quote_text_color%22,%22quote_border_color%22,%22body_link_text_color%22,%22body_quote_border_color%22,%22body_quote_text_color%22,%22link_text_color%22,%22quote_text_color%22,%22quote_border_color%22%93}&#8221; text_font_size_tablet=&#8221;15px&#8221; text_font_size_phone=&#8221;14px&#8221; text_font_size_last_edited=&#8221;on|phone&#8221;][\/et_pb_team_member][\/et_pb_column][et_pb_column type=&#8221;1_4&#8243; _builder_version=&#8221;4.25.2&#8243; _module_preset=&#8221;default&#8221; global_colors_info=&#8221;{}&#8221;][et_pb_team_member name=&#8221;Joshua Ford&#8221; position=&#8221;Real Estate Agent&#8221; image_url=&#8221;https:\/\/javedusa.com\/wp-content\/uploads\/2025\/04\/portrait-05.jpg&#8221; _builder_version=&#8221;4.25.2&#8243; _module_preset=&#8221;e6a9ba2a-eebb-454e-8da1-35130618c08c&#8221; link_option_url=&#8221;#&#8221; locked=&#8221;off&#8221; global_colors_info=&#8221;{%22gcid-b70c6ec4-3d09-43b5-80df-154e6e990bf3%22:%91%22image_icon_background_color%22,%22image_icon_background_color%22,%22image_icon_background_color%22,%22image_icon_background_color%22%93,%22gcid-2ebbc52c-9ee6-4712-a077-fcaec9b98540%22:%91%22body_link_text_color%22,%22body_quote_border_color%22,%22body_quote_text_color%22,%22link_text_color%22,%22quote_text_color%22,%22quote_border_color%22,%22body_link_text_color%22,%22body_quote_border_color%22,%22body_quote_text_color%22,%22link_text_color%22,%22quote_text_color%22,%22quote_border_color%22%93}&#8221; text_font_size_tablet=&#8221;15px&#8221; text_font_size_phone=&#8221;14px&#8221; text_font_size_last_edited=&#8221;on|phone&#8221;][\/et_pb_team_member][\/et_pb_column][et_pb_column type=&#8221;1_4&#8243; _builder_version=&#8221;4.25.2&#8243; _module_preset=&#8221;default&#8221; global_colors_info=&#8221;{}&#8221;][et_pb_team_member name=&#8221;Marci Senter&#8221; position=&#8221;Real Estate Agent&#8221; image_url=&#8221;https:\/\/javedusa.com\/wp-content\/uploads\/2025\/04\/portrait-06.jpg&#8221; _builder_version=&#8221;4.25.2&#8243; _module_preset=&#8221;e6a9ba2a-eebb-454e-8da1-35130618c08c&#8221; link_option_url=&#8221;#&#8221; locked=&#8221;off&#8221; global_colors_info=&#8221;{%22gcid-b70c6ec4-3d09-43b5-80df-154e6e990bf3%22:%91%22image_icon_background_color%22,%22image_icon_background_color%22,%22image_icon_background_color%22,%22image_icon_background_color%22%93,%22gcid-2ebbc52c-9ee6-4712-a077-fcaec9b98540%22:%91%22body_link_text_color%22,%22body_quote_border_color%22,%22body_quote_text_color%22,%22link_text_color%22,%22quote_text_color%22,%22quote_border_color%22,%22body_link_text_color%22,%22body_quote_border_color%22,%22body_quote_text_color%22,%22link_text_color%22,%22quote_text_color%22,%22quote_border_color%22%93}&#8221; text_font_size_tablet=&#8221;15px&#8221; text_font_size_phone=&#8221;14px&#8221; text_font_size_last_edited=&#8221;on|phone&#8221;][\/et_pb_team_member][\/et_pb_column][et_pb_column type=&#8221;1_4&#8243; _builder_version=&#8221;4.25.2&#8243; _module_preset=&#8221;default&#8221; global_colors_info=&#8221;{}&#8221;][et_pb_team_member name=&#8221;Brian Britt&#8221; position=&#8221;Real Estate Agent&#8221; image_url=&#8221;https:\/\/javedusa.com\/wp-content\/uploads\/2025\/04\/portrait-03.jpg&#8221; _builder_version=&#8221;4.25.2&#8243; _module_preset=&#8221;e6a9ba2a-eebb-454e-8da1-35130618c08c&#8221; link_option_url=&#8221;#&#8221; locked=&#8221;off&#8221; global_colors_info=&#8221;{%22gcid-b70c6ec4-3d09-43b5-80df-154e6e990bf3%22:%91%22image_icon_background_color%22,%22image_icon_background_color%22,%22image_icon_background_color%22,%22image_icon_background_color%22%93,%22gcid-2ebbc52c-9ee6-4712-a077-fcaec9b98540%22:%91%22body_link_text_color%22,%22body_quote_border_color%22,%22body_quote_text_color%22,%22link_text_color%22,%22quote_text_color%22,%22quote_border_color%22,%22body_link_text_color%22,%22body_quote_border_color%22,%22body_quote_text_color%22,%22link_text_color%22,%22quote_text_color%22,%22quote_border_color%22%93}&#8221; text_font_size_tablet=&#8221;15px&#8221; text_font_size_phone=&#8221;14px&#8221; text_font_size_last_edited=&#8221;on|phone&#8221;][\/et_pb_team_member][\/et_pb_column][\/et_pb_row][\/et_pb_section]<\/p>","protected":false},"excerpt":{"rendered":"<p>Javed USA Strategy is a company specialized in connecting Hispanic food and beverage brands with the U.S. market. Our unique approach combines deep market knowledge with precise commercial strategies, enabling brands to reach their full potential in the North American market. Our mission is to be the strategic bridge that facilitates the expansion of brands [&hellip;]<\/p>","protected":false},"author":1,"featured_media":0,"parent":0,"menu_order":0,"comment_status":"closed","ping_status":"closed","template":"","meta":{"_et_pb_use_builder":"on","_et_pb_old_content":"","_et_gb_content_width":"","footnotes":""},"class_list":["post-339","page","type-page","status-publish","hentry"],"_links":{"self":[{"href":"https:\/\/javedusa.com\/es\/wp-json\/wp\/v2\/pages\/339","targetHints":{"allow":["GET"]}}],"collection":[{"href":"https:\/\/javedusa.com\/es\/wp-json\/wp\/v2\/pages"}],"about":[{"href":"https:\/\/javedusa.com\/es\/wp-json\/wp\/v2\/types\/page"}],"author":[{"embeddable":true,"href":"https:\/\/javedusa.com\/es\/wp-json\/wp\/v2\/users\/1"}],"replies":[{"embeddable":true,"href":"https:\/\/javedusa.com\/es\/wp-json\/wp\/v2\/comments?post=339"}],"version-history":[{"count":12,"href":"https:\/\/javedusa.com\/es\/wp-json\/wp\/v2\/pages\/339\/revisions"}],"predecessor-version":[{"id":526,"href":"https:\/\/javedusa.com\/es\/wp-json\/wp\/v2\/pages\/339\/revisions\/526"}],"wp:attachment":[{"href":"https:\/\/javedusa.com\/es\/wp-json\/wp\/v2\/media?parent=339"}],"curies":[{"name":"wp","href":"https:\/\/api.w.org\/{rel}","templated":true}]}}