{"id":434,"date":"2025-05-06T17:17:19","date_gmt":"2025-05-06T17:17:19","guid":{"rendered":"https:\/\/javedusa.com\/?page_id=434"},"modified":"2025-06-06T05:55:20","modified_gmt":"2025-06-06T05:55:20","slug":"services","status":"publish","type":"page","link":"https:\/\/javedusa.com\/es\/services\/","title":{"rendered":"Servicios"},"content":{"rendered":"<p>[et_pb_section fb_built=&#8221;1&#8243; admin_label=&#8221;Video&#8221; _builder_version=&#8221;4.27.4&#8243; _module_preset=&#8221;default&#8221; background_color=&#8221;gcid-6b9e82f3-5ec3-4f2c-b18e-150b890b0198&#8243; background_image=&#8221;https:\/\/javedusa.com\/wp-content\/uploads\/2025\/05\/Snack-y-bebidas-2.png&#8221; custom_padding=&#8221;0px||0px||true|false&#8221; locked=&#8221;off&#8221; collapsed=&#8221;on&#8221; global_colors_info=&#8221;{%22gcid-6b9e82f3-5ec3-4f2c-b18e-150b890b0198%22:%91%22background_color%22%93}&#8221;][et_pb_row column_structure=&#8221;1_3,2_3&#8243; use_custom_gutter=&#8221;on&#8221; gutter_width=&#8221;1&#8243; make_equal=&#8221;on&#8221; custom_padding_last_edited=&#8221;on|tablet&#8221; _builder_version=&#8221;4.27.4&#8243; _module_preset=&#8221;default&#8221; max_width=&#8221;1260px&#8221; custom_padding=&#8221;0px||0px|300px|true|false&#8221; custom_padding_tablet=&#8221;|||0px|false|false&#8221; custom_padding_phone=&#8221;|||0px|false|false&#8221; box_shadow_style=&#8221;preset4&#8243; box_shadow_horizontal=&#8221;30vw&#8221; box_shadow_vertical=&#8221;0px&#8221; box_shadow_color=&#8221;#1188B5&#8243; locked=&#8221;off&#8221; global_colors_info=&#8221;{}&#8221;][et_pb_column type=&#8221;1_3&#8243; _builder_version=&#8221;4.27.4&#8243; _module_preset=&#8221;default&#8221; background_color=&#8221;#FFFFFF&#8221; custom_padding=&#8221;20px||20px|20px|true|false&#8221; custom_padding_tablet=&#8221;20px|20px|20px|20px|true|true&#8221; custom_padding_phone=&#8221;20px|20px|20px|20px|true|true&#8221; custom_padding_last_edited=&#8221;on|tablet&#8221; border_radii=&#8221;off||||5px&#8221; global_colors_info=&#8221;{}&#8221;][et_pb_video src=&#8221;https:\/\/javedusa.com\/wp-content\/uploads\/Videos\/VIDEOU.mp4&#8243; font_icon=&#8221;&#xf144;||fa||900&#8243; _builder_version=&#8221;4.27.4&#8243; _module_preset=&#8221;default&#8221; locked=&#8221;off&#8221; global_colors_info=&#8221;{}&#8221;][\/et_pb_video][\/et_pb_column][et_pb_column type=&#8221;2_3&#8243; _builder_version=&#8221;4.27.4&#8243; _module_preset=&#8221;default&#8221; background_color=&#8221;#FFFFFF&#8221; custom_padding=&#8221;20px|20px|20px|20px|true|true&#8221; global_colors_info=&#8221;{}&#8221;][et_pb_text _builder_version=&#8221;4.27.4&#8243; _module_preset=&#8221;db3481ce-a020-41c9-8310-1c33b36bac10&#8243; header_font=&#8221;Jost||||||||&#8221; header_4_font=&#8221;Jost|700|||||||&#8221; header_4_text_color=&#8221;#233448&#8243; header_4_font_size=&#8221;40px&#8221; custom_margin=&#8221;||0px||false|false&#8221; global_colors_info=&#8221;{}&#8221;]<\/p>\n<h4>Servicios<\/h4>\n<p>[\/et_pb_text][et_pb_text _builder_version=&#8221;4.27.4&#8243; _module_preset=&#8221;default&#8221; text_font=&#8221;Roboto|300|||||||&#8221; text_text_color=&#8221;#000000&#8243; text_font_size=&#8221;15px&#8221; hover_enabled=&#8221;0&#8243; global_colors_info=&#8221;{}&#8221; sticky_enabled=&#8221;0&#8243;]<\/p>\n<p>En Javed USA Strategy, ofrecemos acompa\u00f1amiento integral a marcas hispanas que buscan desarrollarse en el mercado estadounidense.<\/p>\n<p>[\/et_pb_text][\/et_pb_column][\/et_pb_row][et_pb_row _builder_version=&#8221;4.27.4&#8243; _module_preset=&#8221;default&#8221; max_width=&#8221;1260px&#8221; custom_padding=&#8221;0px||0px||true|false&#8221; box_shadow_style=&#8221;preset4&#8243; box_shadow_horizontal=&#8221;30vw&#8221; box_shadow_vertical=&#8221;0px&#8221; box_shadow_color=&#8221;#1188B5&#8243; global_colors_info=&#8221;{}&#8221;][et_pb_column type=&#8221;4_4&#8243; _builder_version=&#8221;4.20.0&#8243; _module_preset=&#8221;default&#8221; global_colors_info=&#8221;{}&#8221;][et_pb_divider show_divider=&#8221;off&#8221; _builder_version=&#8221;4.20.0&#8243; _module_preset=&#8221;default&#8221; height=&#8221;24vw&#8221; height_last_edited=&#8221;off|desktop&#8221; global_colors_info=&#8221;{}&#8221;][\/et_pb_divider][\/et_pb_column][\/et_pb_row][\/et_pb_section][et_pb_section fb_built=&#8221;1&#8243; specialty=&#8221;on&#8221; admin_label=&#8221;Stats&#8221; _builder_version=&#8221;4.27.4&#8243; _module_preset=&#8221;default&#8221; inner_width=&#8221;90%&#8221; inner_max_width=&#8221;1500px&#8221; custom_padding=&#8221;52px||16px|||&#8221; locked=&#8221;off&#8221; global_colors_info=&#8221;{}&#8221;][et_pb_column type=&#8221;1_3&#8243; _builder_version=&#8221;4.16&#8243; _module_preset=&#8221;default&#8221; custom_padding=&#8221;|||&#8221; global_colors_info=&#8221;{}&#8221; custom_padding__hover=&#8221;|||&#8221;][et_pb_heading title=&#8221;Brand Development and Empowerment&#8221; _builder_version=&#8221;4.27.4&#8243; _module_preset=&#8221;cc130f97-fa4e-480d-b0d3-e02ed6dc4339&#8243; title_font=&#8221;Jost|600|||||||&#8221; title_font_size=&#8221;29px&#8221; title_font_size_last_edited=&#8221;off|desktop&#8221; locked=&#8221;off&#8221; global_colors_info=&#8221;{}&#8221;][\/et_pb_heading][\/et_pb_column][et_pb_column type=&#8221;2_3&#8243; specialty_columns=&#8221;2&#8243; _builder_version=&#8221;4.16&#8243; _module_preset=&#8221;default&#8221; custom_padding=&#8221;|||&#8221; global_colors_info=&#8221;{}&#8221; custom_padding__hover=&#8221;|||&#8221;][et_pb_row_inner custom_padding_last_edited=&#8221;on|phone&#8221; _builder_version=&#8221;4.27.4&#8243; _module_preset=&#8221;default&#8221; custom_padding_tablet=&#8221;0px||0px||true|false&#8221; custom_padding_phone=&#8221;0px||0px||true|false&#8221; global_colors_info=&#8221;{}&#8221;][et_pb_column_inner saved_specialty_column_type=&#8221;2_3&#8243; _builder_version=&#8221;4.25.2&#8243; _module_preset=&#8221;default&#8221; global_colors_info=&#8221;{}&#8221;][et_pb_text _builder_version=&#8221;4.27.4&#8243; _module_preset=&#8221;414465fd-d4ed-4496-92c1-daaefaea729a&#8221; text_font=&#8221;Roboto|300|||||||&#8221; text_text_color=&#8221;#000000&#8243; text_font_size=&#8221;18px&#8221; hover_enabled=&#8221;0&#8243; global_colors_info=&#8221;{}&#8221; sticky_enabled=&#8221;0&#8243;]<\/p>\n<p>En Javed USA Strategy ofrecemos un acompa\u00f1amiento integral para marcas hispanas que buscan desarrollarse en el mercado estadounidense. Nuestros servicios se adaptan a las diferentes etapas de crecimiento de tu marca, desde el inicio hasta la consolidaci\u00f3n y expansi\u00f3n.<\/p>\n<p>[\/et_pb_text][\/et_pb_column_inner][\/et_pb_row_inner][\/et_pb_column][\/et_pb_section][et_pb_section fb_built=&#8221;1&#8243; admin_label=&#8221;Quote&#8221; _builder_version=&#8221;4.27.4&#8243; _module_preset=&#8221;default&#8221; background_color=&#8221;#FFFFFF&#8221; custom_padding=&#8221;22px||19px|||&#8221; locked=&#8221;off&#8221; collapsed=&#8221;on&#8221; global_colors_info=&#8221;{}&#8221;][et_pb_row column_structure=&#8221;1_4,1_4,1_4,1_4&#8243; use_custom_gutter=&#8221;on&#8221; gutter_width=&#8221;2&#8243; _builder_version=&#8221;4.27.4&#8243; _module_preset=&#8221;default&#8221; width=&#8221;100%&#8221; max_width=&#8221;90%&#8221; custom_padding=&#8221;||||false|false&#8221; global_colors_info=&#8221;{}&#8221;][et_pb_column type=&#8221;1_4&#8243; _builder_version=&#8221;4.27.4&#8243; _module_preset=&#8221;default&#8221; global_colors_info=&#8221;{}&#8221;][dipl_interactive_image_card title=&#8221;Work Plan Consulting&#8221; image=&#8221;https:\/\/javedusa.com\/wp-content\/uploads\/2025\/05\/Work-Plan-Consulting.png&#8221; overlay_color=&#8221;rgba(0,0,0,0.64)&#8221; admin_label=&#8221;Setup Your Store&#8221; _builder_version=&#8221;4.27.4&#8243; _module_preset=&#8221;default&#8221; title_level=&#8221;h3&#8243; title_font=&#8221;Jost|500|||||||&#8221; title_text_color=&#8221;#ffffff&#8221; title_font_size=&#8221;30px&#8221; content_font=&#8221;Roboto|300|||||||&#8221; content_text_color=&#8221;#FFFFFF&#8221; content_font_size=&#8221;18px&#8221; border_radii=&#8221;on|8px|8px|8px|8px&#8221; border_color_all=&#8221;#FFFFFF&#8221; global_colors_info=&#8221;{}&#8221;]<\/p>\n<p>Desarrollamos un plan estrat\u00e9gico personalizado para tu marca, analizando el mercado, la competencia y las oportunidades espec\u00edficas en cada territorio objetivo.<\/p>\n<p>&nbsp;<\/p>\n<p>&nbsp;<\/p>\n<p>[\/dipl_interactive_image_card][\/et_pb_column][et_pb_column type=&#8221;1_4&#8243; _builder_version=&#8221;4.27.4&#8243; _module_preset=&#8221;default&#8221; global_colors_info=&#8221;{}&#8221;][dipl_interactive_image_card title=&#8221;New Client Onboarding Plan&#8221; image=&#8221;https:\/\/javedusa.com\/wp-content\/uploads\/2025\/05\/New-Client-Onboarding-Plan.png&#8221; overlay_color=&#8221;rgba(0,0,0,0.64)&#8221; admin_label=&#8221;Integrate Payments&#8221; _builder_version=&#8221;4.27.4&#8243; _module_preset=&#8221;default&#8221; title_level=&#8221;h3&#8243; title_font=&#8221;Jost|500|||||||&#8221; title_text_color=&#8221;#ffffff&#8221; title_font_size=&#8221;30px&#8221; content_font=&#8221;Roboto|300|||||||&#8221; content_text_color=&#8221;#FFFFFF&#8221; content_font_size=&#8221;18px&#8221; border_radii=&#8221;on|8px|8px|8px|8px&#8221; border_color_all=&#8221;#FFFFFF&#8221; global_colors_info=&#8221;{}&#8221;]<\/p>\n<p>Creamos e implementamos estrategias para incorporar tu producto en nuevos puntos de venta, asegurando una entrada efectiva al mercado.<\/p>\n<p>&nbsp;<\/p>\n<p>&nbsp;<\/p>\n<p>&nbsp;<\/p>\n<p>[\/dipl_interactive_image_card][\/et_pb_column][et_pb_column type=&#8221;1_4&#8243; _builder_version=&#8221;4.27.4&#8243; _module_preset=&#8221;default&#8221; global_colors_info=&#8221;{}&#8221;][dipl_interactive_image_card title=&#8221;Distributor Sales Force Training&#8221; image=&#8221;https:\/\/javedusa.com\/wp-content\/uploads\/2025\/05\/Distributor-Sales-Force-Training.png&#8221; overlay_color=&#8221;rgba(0,0,0,0.64)&#8221; admin_label=&#8221;Launch &#038; Promote&#8221; _builder_version=&#8221;4.27.4&#8243; _module_preset=&#8221;default&#8221; title_level=&#8221;h3&#8243; title_font=&#8221;Jost|500|||||||&#8221; title_text_color=&#8221;#ffffff&#8221; title_font_size=&#8221;30px&#8221; content_font=&#8221;Roboto|300|||||||&#8221; content_text_color=&#8221;#FFFFFF&#8221; content_font_size=&#8221;18px&#8221; hover_enabled=&#8221;0&#8243; border_radii=&#8221;on|8px|8px|8px|8px&#8221; border_color_all=&#8221;#FFFFFF&#8221; global_colors_info=&#8221;{}&#8221; sticky_enabled=&#8221;0&#8243;]<\/p>\n<p>Te acompa\u00f1amos y aseguramos la capacitamos del equipo comercial de nuestros distribuidores asociados para maximizar los resultados con tu marca, implementando indicadores de gesti\u00f3n efectivos para los territorios abarcados.<\/p>\n<p>&nbsp;<\/p>\n<p>&nbsp;<\/p>\n<p>[\/dipl_interactive_image_card][\/et_pb_column][et_pb_column type=&#8221;1_4&#8243; _builder_version=&#8221;4.27.4&#8243; _module_preset=&#8221;default&#8221; global_colors_info=&#8221;{}&#8221;][dipl_interactive_image_card title=&#8221;Coverage Analysis&#8221; image=&#8221;https:\/\/javedusa.com\/wp-content\/uploads\/2025\/05\/Coverage-Analysis.png&#8221; overlay_color=&#8221;rgba(0,0,0,0.64)&#8221; admin_label=&#8221;Monitor &#038; Scale&#8221; _builder_version=&#8221;4.27.4&#8243; _module_preset=&#8221;default&#8221; title_level=&#8221;h3&#8243; title_font=&#8221;Jost|500|||||||&#8221; title_text_color=&#8221;#ffffff&#8221; title_font_size=&#8221;30px&#8221; content_font=&#8221;Roboto|300|||||||&#8221; content_text_color=&#8221;#FFFFFF&#8221; content_font_size=&#8221;18px&#8221; border_radii=&#8221;on|8px|8px|8px|8px&#8221; border_color_all=&#8221;#FFFFFF&#8221; global_colors_info=&#8221;{}&#8221;]<\/p>\n<p>Evaluamos la cobertura ponderada y num\u00e9rica de puntos de venta, desarrollando estrategias para ampliar presencia y visibilidad mediante exhibiciones adicionales (racks, displays, end caps) y programas de volumen e incentivos.<\/p>\n<p>&nbsp;<\/p>\n<p>[\/dipl_interactive_image_card][\/et_pb_column][\/et_pb_row][\/et_pb_section][et_pb_section fb_built=&#8221;1&#8243; admin_label=&#8221;Features&#8221; _builder_version=&#8221;4.27.4&#8243; _module_preset=&#8221;default&#8221; background_color=&#8221;#2b3647&#8243; overflow-x=&#8221;hidden&#8221; overflow-y=&#8221;hidden&#8221; locked=&#8221;off&#8221; collapsed=&#8221;on&#8221; global_colors_info=&#8221;{}&#8221;][et_pb_row column_structure=&#8221;1_2,1_2&#8243; _builder_version=&#8221;4.24.0&#8243; _module_preset=&#8221;default&#8221; global_colors_info=&#8221;{}&#8221;][et_pb_column type=&#8221;1_2&#8243; _builder_version=&#8221;4.24.0&#8243; _module_preset=&#8221;default&#8221; global_colors_info=&#8221;{}&#8221;][et_pb_text _builder_version=&#8221;4.27.4&#8243; _module_preset=&#8221;ede89db1-c318-46e8-bad1-8ef9ac71e6b8&#8243; header_4_font=&#8221;Jost||||||||&#8221; header_4_text_color=&#8221;#FFFFFF&#8221; header_4_font_size=&#8221;48px&#8221; global_colors_info=&#8221;{%22gcid-9bb9bfe2-980a-472b-9544-d767cdb4022e%22:%91%22header_4_text_color%22%93}&#8221;]<\/p>\n<h4>Etapa de Crecimiento<\/h4>\n<p>[\/et_pb_text][et_pb_accordion open_toggle_text_color=&#8221;#233448&#8243; open_toggle_background_color=&#8221;#FFFFFF&#8221; closed_toggle_background_color=&#8221;#FFFFFF&#8221; icon_color=&#8221;#1188B5&#8243; use_icon_font_size=&#8221;on&#8221; icon_font_size=&#8221;11px&#8221; _builder_version=&#8221;4.27.4&#8243; _module_preset=&#8221;94f025a7-a48c-43d6-9d27-f10c7b8ee516&#8243; toggle_text_color=&#8221;#000000&#8243; locked=&#8221;off&#8221; global_colors_info=&#8221;{%22gcid-36a744c3-3bc0-47a4-9493-942b5d904b59%22:%91%22toggle_text_color%22,%22toggle_text_color%22,%22toggle_text_color%22%93}&#8221;][et_pb_accordion_item title=&#8221;Coverage Expansion&#8221; _builder_version=&#8221;4.27.4&#8243; _module_preset=&#8221;default&#8221; body_font=&#8221;Roboto|300|||||||&#8221; body_text_color=&#8221;#000000&#8243; body_font_size=&#8221;16px&#8221; global_colors_info=&#8221;{}&#8221; toggle_level=&#8221;h5&#8243; toggle_font=&#8221;Roboto||||||||&#8221; open=&#8221;on&#8221;]<\/p>\n<p>Implementamos planes para el crecimiento num\u00e9rico de clientes y de producto acorde a tu portafolio, aumentando sistem\u00e1ticamente tu presencia en el mercado.<\/p>\n<p>[\/et_pb_accordion_item][et_pb_accordion_item title=&#8221;Drop Size Optimization&#8221; _builder_version=&#8221;4.27.4&#8243; _module_preset=&#8221;default&#8221; body_font=&#8221;Roboto|300|||||||&#8221; body_text_color=&#8221;#000000&#8243; body_font_size=&#8221;16px&#8221; global_colors_info=&#8221;{}&#8221; toggle_level=&#8221;h5&#8243; toggle_font=&#8221;Roboto||||||||&#8221; open=&#8221;off&#8221;]<\/p>\n<p>Estrategias espec\u00edficas para incrementar el volumen de compra en cada punto de venta, maximizando la eficiencia de la distribuci\u00f3n.<\/p>\n<p>[\/et_pb_accordion_item][et_pb_accordion_item title=&#8221;Execution of the 70\/30 Sales Plan&#8221; _builder_version=&#8221;4.27.4&#8243; _module_preset=&#8221;default&#8221; body_font=&#8221;Roboto|300|||||||&#8221; body_text_color=&#8221;#000000&#8243; body_font_size=&#8221;16px&#8221; global_colors_info=&#8221;{}&#8221; toggle_level=&#8221;h5&#8243; toggle_font=&#8221;Roboto||||||||&#8221; open=&#8221;off&#8221;]<\/p>\n<p>\u2022 70% Planimetr\u00edas en el shelf (mercadito)<br \/>\u2022 30% Plan de Trade Marketing<\/p>\n<p>[\/et_pb_accordion_item][et_pb_accordion_item title=&#8221;Commercial Directions&#8221; open=&#8221;off&#8221; _builder_version=&#8221;4.27.4&#8243; _module_preset=&#8221;default&#8221; body_font=&#8221;Roboto|300|||||||&#8221; body_text_color=&#8221;#000000&#8243; body_font_size=&#8221;16px&#8221; global_colors_info=&#8221;{}&#8221; toggle_level=&#8221;h5&#8243; toggle_font=&#8221;Roboto||||||||&#8221;]<\/p>\n<p>Establecemos y ejecutamos direcciones comerciales espec\u00edficas para cada territorio de EE.UU., adapt\u00e1ndonos a las particularidades de cada mercado.<\/p>\n<p>[\/et_pb_accordion_item][\/et_pb_accordion][\/et_pb_column][et_pb_column type=&#8221;1_2&#8243; _builder_version=&#8221;4.24.0&#8243; _module_preset=&#8221;default&#8221; global_colors_info=&#8221;{}&#8221;][et_pb_image src=&#8221;https:\/\/javedusa.com\/wp-content\/uploads\/2025\/05\/Javed-USA-1-1.png&#8221; title_text=&#8221;Javed USA (1)&#8221; _builder_version=&#8221;4.27.4&#8243; _module_preset=&#8221;default&#8221; custom_margin=&#8221;|-20vw|||false|false&#8221; global_colors_info=&#8221;{}&#8221;][\/et_pb_image][\/et_pb_column][\/et_pb_row][\/et_pb_section][et_pb_section fb_built=&#8221;1&#8243; _builder_version=&#8221;4.27.4&#8243; _module_preset=&#8221;default&#8221; background_color=&#8221;#6d808c&#8221; custom_padding=&#8221;23px|||||&#8221; locked=&#8221;off&#8221; global_colors_info=&#8221;{}&#8221; custom_css_main_element_last_edited=&#8221;on|phone&#8221; custom_css_main_element_tablet=&#8221;overflow-x: hidden;&#8221; custom_css_main_element_phone=&#8221;overflow-x: hidden;&#8221;][et_pb_row column_structure=&#8221;3_5,2_5&#8243; custom_padding_last_edited=&#8221;on|phone&#8221; _builder_version=&#8221;4.27.4&#8243; _module_preset=&#8221;default&#8221; custom_padding=&#8221;57px||80px||false|false&#8221; custom_padding_tablet=&#8221;60px||0px||false|false&#8221; custom_padding_phone=&#8221;40px||||false|false&#8221; global_colors_info=&#8221;{}&#8221;][et_pb_column type=&#8221;3_5&#8243; _builder_version=&#8221;4.27.4&#8243; _module_preset=&#8221;_initial&#8221; custom_padding=&#8221;||||true|false&#8221; global_colors_info=&#8221;{}&#8221;][et_pb_code _builder_version=&#8221;4.27.4&#8243; _module_preset=&#8221;default&#8221; border_radii=&#8221;on|6px|6px|6px|6px&#8221; global_colors_info=&#8221;{}&#8221;]<div id=\"wpgmza_map\" class=\"wpgmza_map\" data-settings=\"{&quot;id&quot;:&quot;1&quot;,&quot;map_title&quot;:&quot;My first map&quot;,&quot;map_width&quot;:&quot;100&quot;,&quot;map_height&quot;:&quot;400&quot;,&quot;map_start_lat&quot;:&quot;36.778261&quot;,&quot;map_start_lng&quot;:&quot;-119.4179323999&quot;,&quot;map_start_location&quot;:&quot;45.950464398418106,-109.81550500000003&quot;,&quot;map_start_zoom&quot;:&quot;3&quot;,&quot;default_marker&quot;:&quot;&quot;,&quot;type&quot;:&quot;0&quot;,&quot;alignment&quot;:&quot;4&quot;,&quot;directions_enabled&quot;:&quot;0&quot;,&quot;styling_enabled&quot;:&quot;0&quot;,&quot;styling_json&quot;:&quot;&quot;,&quot;active&quot;:&quot;0&quot;,&quot;kml&quot;:&quot;&quot;,&quot;bicycle&quot;:&quot;0&quot;,&quot;traffic&quot;:&quot;0&quot;,&quot;dbox&quot;:&quot;0&quot;,&quot;dbox_width&quot;:&quot;&quot;,&quot;listmarkers&quot;:&quot;0&quot;,&quot;listmarkers_advanced&quot;:&quot;0&quot;,&quot;filterbycat&quot;:&quot;0&quot;,&quot;ugm_enabled&quot;:&quot;0&quot;,&quot;ugm_category_enabled&quot;:&quot;0&quot;,&quot;fusion&quot;:&quot;&quot;,&quot;map_width_type&quot;:&quot;%&quot;,&quot;map_height_type&quot;:&quot;px&quot;,&quot;mass_marker_support&quot;:&quot;0&quot;,&quot;ugm_access&quot;:&quot;0&quot;,&quot;order_markers_by&quot;:&quot;0&quot;,&quot;order_markers_choice&quot;:&quot;0&quot;,&quot;show_user_location&quot;:&quot;0&quot;,&quot;default_to&quot;:&quot;&quot;,&quot;other_settings&quot;:{&quot;map_type&quot;:1,&quot;sl_stroke_color&quot;:&quot;&quot;,&quot;sl_fill_color&quot;:&quot;&quot;,&quot;sl_stroke_opacity&quot;:&quot;&quot;,&quot;sl_fill_opacity&quot;:&quot;&quot;,&quot;transport_layer&quot;:false,&quot;action&quot;:&quot;wpgmza_save_map&quot;,&quot;redirect_to&quot;:&quot;\\\/wp-admin\\\/admin-post.php&quot;,&quot;map_id&quot;:&quot;1&quot;,&quot;http_referer&quot;:&quot;\\\/wp-admin\\\/admin.php?page=wp-google-maps-menu&amp;amp;action=edit&amp;amp;map_id=1&quot;,&quot;wpgmza_id&quot;:&quot;1&quot;,&quot;wpgmza_start_location&quot;:&quot;36.778261,-119.4179323999&quot;,&quot;wpgmza_start_zoom&quot;:&quot;4&quot;,&quot;store_locator_enabled&quot;:false,&quot;store_locator_search_area&quot;:&quot;radial&quot;,&quot;wpgmza_store_locator_radius_style&quot;:&quot;legacy&quot;,&quot;wpgmza_store_locator_default_radius&quot;:&quot;10&quot;,&quot;store_locator_auto_area_max_zoom&quot;:&quot;&quot;,&quot;store_locator_distance&quot;:false,&quot;wpgmza_store_locator_position&quot;:false,&quot;store_locator_show_distance&quot;:false,&quot;store_locator_category&quot;:false,&quot;wpgmza_store_locator_use_their_location&quot;:false,&quot;wpgmza_store_locator_bounce&quot;:false,&quot;wpgmza_sl_animation&quot;:null,&quot;wpgmza_store_locator_hide_before_search&quot;:false,&quot;store_locator_query_string&quot;:&quot;&quot;,&quot;store_locator_location_placeholder&quot;:&quot;&quot;,&quot;store_locator_default_address&quot;:&quot;&quot;,&quot;store_locator_name_search&quot;:false,&quot;store_locator_name_string&quot;:&quot;&quot;,&quot;store_locator_not_found_message&quot;:&quot;&quot;,&quot;wpgmza_map_align&quot;:&quot;1&quot;,&quot;jump_to_nearest_marker_on_initialization&quot;:false,&quot;automatically_pan_to_users_location&quot;:false,&quot;override_users_location_zoom_level&quot;:false,&quot;override_users_location_zoom_levels&quot;:&quot;&quot;,&quot;show_distance_from_location&quot;:false,&quot;map_max_zoom&quot;:&quot;21&quot;,&quot;map_min_zoom&quot;:&quot;0&quot;,&quot;click_open_link&quot;:false,&quot;fit_maps_bounds_to_markers&quot;:false,&quot;fit_maps_bounds_to_markers_after_filtering&quot;:false,&quot;hide_point_of_interest&quot;:false,&quot;wpgmza_zoom_on_marker_click&quot;:false,&quot;wpgmza_zoom_on_marker_click_slider&quot;:&quot;&quot;,&quot;close_infowindow_on_map_click&quot;:false,&quot;disable_lightbox_images&quot;:false,&quot;use_Raw_Jpeg_Coordinates&quot;:false,&quot;disable_polygon_info_windows&quot;:false,&quot;enable_marker_ratings&quot;:false,&quot;enable_marker_labels&quot;:false,&quot;only_load_markers_within_viewport&quot;:false,&quot;zoom_level_mobile_override_enabled&quot;:false,&quot;zoom_level_mobile_override&quot;:&quot;&quot;,&quot;iw_primary_color&quot;:&quot;#000000&quot;,&quot;iw_accent_color&quot;:&quot;#000000&quot;,&quot;iw_text_color&quot;:&quot;#000000&quot;,&quot;wpgmza_listmarkers_by&quot;:&quot;0&quot;,&quot;wpgmza_marker_listing_position&quot;:false,&quot;zoom_level_on_marker_listing_override&quot;:false,&quot;zoom_level_on_marker_listing_click&quot;:&quot;&quot;,&quot;marker_listing_disable_zoom&quot;:false,&quot;datatable_no_result_message&quot;:&quot;&quot;,&quot;remove_search_box_datables&quot;:false,&quot;dataTable_pagination_style&quot;:null,&quot;datatable_search_string&quot;:&quot;&quot;,&quot;datatable_result_start&quot;:&quot;&quot;,&quot;datatable_result_of&quot;:&quot;&quot;,&quot;datatable_result_to&quot;:&quot;&quot;,&quot;datatable_result_total&quot;:&quot;&quot;,&quot;datatable_result_show&quot;:&quot;&quot;,&quot;datatable_result_entries&quot;:&quot;&quot;,&quot;wpgmza_savemap&quot;:&quot;Save Map \\u00bb&quot;}}\" data-map-id='1' data-maps-engine='open-layers' data-shortcode-attributes=\"{&quot;id&quot;:&quot;1&quot;}\" style=\"display:block; overflow:auto; width:100%; height:400px; float:left;\"><\/div>[\/et_pb_code][\/et_pb_column][et_pb_column type=&#8221;2_5&#8243; _builder_version=&#8221;4.27.4&#8243; _module_preset=&#8221;_initial&#8221; custom_padding=&#8221;||||true|false&#8221; animation_style=&#8221;fade&#8221; animation_direction=&#8221;right&#8221; animation_duration=&#8221;1400ms&#8221; global_colors_info=&#8221;{}&#8221;][dipl_double_color_heading heading_main_part=&#8221;Territorial&#8221; heading_post_part=&#8221;Expansion&#8221; display_in_stack=&#8221;on&#8221; _builder_version=&#8221;4.27.4&#8243; _module_preset=&#8221;default&#8221; pre_header_font=&#8221;Dancing Script|700|||||||&#8221; pre_header_text_color=&#8221;#e3a83d&#8221; pre_header_font_size=&#8221;36px&#8221; main_header_font=&#8221;Jost|600|||||||&#8221; main_header_text_color=&#8221;#FFFFFF&#8221; main_header_font_size=&#8221;55px&#8221; post_header_font=&#8221;Jost|600|||||||&#8221; post_header_text_color=&#8221;#FFFFFF&#8221; post_header_font_size=&#8221;55px&#8221; custom_padding_tablet=&#8221;80px||||false|false&#8221; custom_padding_phone=&#8221;60px||||false|false&#8221; custom_padding_last_edited=&#8221;on|phone&#8221; pre_header_font_size_tablet=&#8221;30px&#8221; pre_header_font_size_phone=&#8221;28px&#8221; pre_header_font_size_last_edited=&#8221;on|phone&#8221; main_header_font_size_tablet=&#8221;40px&#8221; main_header_font_size_phone=&#8221;36px&#8221; main_header_font_size_last_edited=&#8221;on|phone&#8221; post_header_font_size_tablet=&#8221;40px&#8221; post_header_font_size_phone=&#8221;36px&#8221; post_header_font_size_last_edited=&#8221;on|phone&#8221; locked=&#8221;off&#8221; global_colors_info=&#8221;{}&#8221;][\/dipl_double_color_heading][et_pb_text quote_border_weight=&#8221;3px&#8221; quote_border_color=&#8221;#00b1ed&#8221; _builder_version=&#8221;4.27.4&#8243; _module_preset=&#8221;default&#8221; text_font=&#8221;Roboto|300|||||||&#8221; text_text_color=&#8221;#FFFFFF&#8221; text_font_size=&#8221;18px&#8221; quote_font=&#8221;Roboto||||||||&#8221; quote_text_color=&#8221;#FFFFFF&#8221; width=&#8221;100%&#8221; max_width=&#8221;100%&#8221; locked=&#8221;off&#8221; global_colors_info=&#8221;{}&#8221;]<\/p>\n<blockquote>\n<p style=\"text-align: left;\">Desarrollamos estrategias para la expansi\u00f3n geogr\u00e1fica seg\u00fan el canal de distribuci\u00f3n m\u00e1s adecuado para tu marca, con presencia en las principales regiones:<br \/><strong>Texas, California, Florida, New Jersey, New York (Northeast), Midwest (TN, IN, GA, and CH).<\/strong><\/p>\n<\/blockquote>\n<p>[\/et_pb_text][\/et_pb_column][\/et_pb_row][\/et_pb_section]<\/p>","protected":false},"excerpt":{"rendered":"<p>ServicesAt Javed USA Strategy, we offer comprehensive support for Hispanic brands looking to grow in the U.S. market.At Javed USA Strategy, we offer comprehensive support for Hispanic brands looking to grow in the U.S. market. Our services are tailored to the different stages of your brand\u2019s development\u2014from launch to consolidation and expansion.<div class=\"et_pb_module dipl_interactive_image_card dipl_interactive_image_card_0\">\n\t\t\t\t\n\t\t\t\t\n\t\t\t\t\n\t\t\t\t\n\t\t\t\t\n\t\t\t\t\n\t\t\t\t<div class=\"et_pb_module_inner\">\n\t\t\t\t\t<div class=\"dipl_interactive_image_card_wrapper\">\n\t\t\t\t\t\t\t<figure class=\"effect-lily\">\n\t\t\t\t\t\t\t\t\n\t\t\t\t\t\t\t\t<figcaption>\n\t\t\t\t\t\t\t\t\t<div class=\"dipl_interactive_image_card_wrapper_inner\">\n\t\t\t\t\t\t\t\t\t\t<h2 class=\"dipl_interactive_image_card_title\">&#8221;Work<\/h2>\n\t\t\t\t\t\t\t\t\t\t\n\t\t\t\t\t\t\t\t\t<\/div>\n\t\t\t\t\t\t\t\t<\/figcaption>\t\t\t\n\t\t\t\t\t\t\t<\/figure>\n\t\t\t\t\t\t<\/div>\n\t\t\t\t<\/div>\n\t\t\t<\/div><\/p>","protected":false},"author":1,"featured_media":0,"parent":0,"menu_order":0,"comment_status":"closed","ping_status":"closed","template":"","meta":{"_et_pb_use_builder":"on","_et_pb_old_content":"","_et_gb_content_width":"","footnotes":""},"class_list":["post-434","page","type-page","status-publish","hentry"],"_links":{"self":[{"href":"https:\/\/javedusa.com\/es\/wp-json\/wp\/v2\/pages\/434","targetHints":{"allow":["GET"]}}],"collection":[{"href":"https:\/\/javedusa.com\/es\/wp-json\/wp\/v2\/pages"}],"about":[{"href":"https:\/\/javedusa.com\/es\/wp-json\/wp\/v2\/types\/page"}],"author":[{"embeddable":true,"href":"https:\/\/javedusa.com\/es\/wp-json\/wp\/v2\/users\/1"}],"replies":[{"embeddable":true,"href":"https:\/\/javedusa.com\/es\/wp-json\/wp\/v2\/comments?post=434"}],"version-history":[{"count":12,"href":"https:\/\/javedusa.com\/es\/wp-json\/wp\/v2\/pages\/434\/revisions"}],"predecessor-version":[{"id":517,"href":"https:\/\/javedusa.com\/es\/wp-json\/wp\/v2\/pages\/434\/revisions\/517"}],"wp:attachment":[{"href":"https:\/\/javedusa.com\/es\/wp-json\/wp\/v2\/media?parent=434"}],"curies":[{"name":"wp","href":"https:\/\/api.w.org\/{rel}","templated":true}]}}